{"id":17637,"date":"2024-03-14T13:24:13","date_gmt":"2024-03-14T12:24:13","guid":{"rendered":"https:\/\/www.warp-systems.nl\/aanleggen\/laten-aanleggen\/"},"modified":"2025-07-16T10:20:34","modified_gmt":"2025-07-16T08:20:34","slug":"instalacion-a-cargo-de-profesionales","status":"publish","type":"page","link":"http:\/\/devwarp.triplehosting.nl\/es\/instalacion\/instalacion-a-cargo-de-profesionales\/","title":{"rendered":"Instalaci\u00f3n: a cargo de profesionales"},"content":{"rendered":"","protected":false},"excerpt":{"rendered":"","protected":false},"author":1,"featured_media":0,"parent":17522,"menu_order":0,"comment_status":"closed","ping_status":"closed","template":"","meta":{"_acf_changed":false,"inline_featured_image":false,"footnotes":""},"folder":[],"class_list":["post-17637","page","type-page","status-publish","hentry"],"acf":[],"yoast_head":"<!-- This site is optimized with the Yoast SEO plugin v26.2 - https:\/\/yoast.com\/wordpress\/plugins\/seo\/ -->\n<title>Vloerverwarming laten leggen? Cre\u00eber maximaal comfort in huis<\/title>\n<meta name=\"description\" content=\"Eenvoudig wand-, plafond- of vloerverwarming laten leggen door \u00e9\u00e9n van onze installateurs? Ontdek hier hoe makkelijk het kan!\" \/>\n<meta name=\"robots\" content=\"index, follow, max-snippet:-1, max-image-preview:large, max-video-preview:-1\" \/>\n<link rel=\"canonical\" href=\"http:\/\/devwarp.triplehosting.nl\/es\/instalacion\/instalacion-a-cargo-de-profesionales\/\" \/>\n<meta property=\"og:locale\" content=\"es_ES\" \/>\n<meta property=\"og:type\" content=\"article\" \/>\n<meta property=\"og:title\" content=\"Vloerverwarming laten leggen? Cre\u00eber maximaal comfort in huis\" \/>\n<meta property=\"og:description\" content=\"Eenvoudig wand-, plafond- of vloerverwarming laten leggen door \u00e9\u00e9n van onze installateurs? Ontdek hier hoe makkelijk het kan!\" \/>\n<meta property=\"og:url\" content=\"http:\/\/devwarp.triplehosting.nl\/es\/instalacion\/instalacion-a-cargo-de-profesionales\/\" \/>\n<meta property=\"og:site_name\" content=\"WARP Systems\" \/>\n<meta property=\"article:publisher\" content=\"https:\/\/www.facebook.com\/WARP.Systems.BV\/\" \/>\n<meta property=\"article:modified_time\" content=\"2025-07-16T08:20:34+00:00\" \/>\n<meta name=\"twitter:card\" content=\"summary_large_image\" \/>\n<meta name=\"twitter:label1\" content=\"Tiempo de lectura\" \/>\n\t<meta name=\"twitter:data1\" content=\"4 minutos\" \/>\n<script type=\"application\/ld+json\" class=\"yoast-schema-graph\">{\"@context\":\"https:\/\/schema.org\",\"@graph\":[{\"@type\":\"WebPage\",\"@id\":\"http:\/\/devwarp.triplehosting.nl\/es\/instalacion\/instalacion-a-cargo-de-profesionales\/\",\"url\":\"http:\/\/devwarp.triplehosting.nl\/es\/instalacion\/instalacion-a-cargo-de-profesionales\/\",\"name\":\"Vloerverwarming laten leggen? Cre\u00eber maximaal comfort in huis\",\"isPartOf\":{\"@id\":\"http:\/\/devwarp.triplehosting.nl\/es\/#website\"},\"datePublished\":\"2024-03-14T12:24:13+00:00\",\"dateModified\":\"2025-07-16T08:20:34+00:00\",\"description\":\"Eenvoudig wand-, plafond- of vloerverwarming laten leggen door \u00e9\u00e9n van onze installateurs? Ontdek hier hoe makkelijk het kan!\",\"breadcrumb\":{\"@id\":\"http:\/\/devwarp.triplehosting.nl\/es\/instalacion\/instalacion-a-cargo-de-profesionales\/#breadcrumb\"},\"inLanguage\":\"es\",\"potentialAction\":[{\"@type\":\"ReadAction\",\"target\":[\"http:\/\/devwarp.triplehosting.nl\/es\/instalacion\/instalacion-a-cargo-de-profesionales\/\"]}]},{\"@type\":\"BreadcrumbList\",\"@id\":\"http:\/\/devwarp.triplehosting.nl\/es\/instalacion\/instalacion-a-cargo-de-profesionales\/#breadcrumb\",\"itemListElement\":[{\"@type\":\"ListItem\",\"position\":1,\"name\":\"Home\",\"item\":\"https:\/\/devwarp.triplehosting.nl\/es\/\"},{\"@type\":\"ListItem\",\"position\":2,\"name\":\"Instalaci\u00f3n\",\"item\":\"https:\/\/devwarp.triplehosting.nl\/es\/instalacion\/\"},{\"@type\":\"ListItem\",\"position\":3,\"name\":\"Instalaci\u00f3n: a cargo de profesionales\"}]},{\"@type\":\"WebSite\",\"@id\":\"http:\/\/devwarp.triplehosting.nl\/es\/#website\",\"url\":\"http:\/\/devwarp.triplehosting.nl\/es\/\",\"name\":\"WARP Systems\",\"description\":\"Vloer-, wand- en plafondverwarming\",\"publisher\":{\"@id\":\"http:\/\/devwarp.triplehosting.nl\/es\/#organization\"},\"potentialAction\":[{\"@type\":\"SearchAction\",\"target\":{\"@type\":\"EntryPoint\",\"urlTemplate\":\"http:\/\/devwarp.triplehosting.nl\/es\/?s={search_term_string}\"},\"query-input\":{\"@type\":\"PropertyValueSpecification\",\"valueRequired\":true,\"valueName\":\"search_term_string\"}}],\"inLanguage\":\"es\"},{\"@type\":\"Organization\",\"@id\":\"http:\/\/devwarp.triplehosting.nl\/es\/#organization\",\"name\":\"WARP Systems\",\"url\":\"http:\/\/devwarp.triplehosting.nl\/es\/\",\"logo\":{\"@type\":\"ImageObject\",\"inLanguage\":\"es\",\"@id\":\"http:\/\/devwarp.triplehosting.nl\/es\/#\/schema\/logo\/image\/\",\"url\":\"http:\/\/devwarp.triplehosting.nl\/wp-content\/uploads\/2024\/11\/WARP-logo_underfloor.png\",\"contentUrl\":\"http:\/\/devwarp.triplehosting.nl\/wp-content\/uploads\/2024\/11\/WARP-logo_underfloor.png\",\"width\":1330,\"height\":1084,\"caption\":\"WARP Systems\"},\"image\":{\"@id\":\"http:\/\/devwarp.triplehosting.nl\/es\/#\/schema\/logo\/image\/\"},\"sameAs\":[\"https:\/\/www.facebook.com\/WARP.Systems.BV\/\",\"https:\/\/www.instagram.com\/vloerverwarming\/?hl=nl\",\"https:\/\/www.linkedin.com\/company\/warp-systems-bv\/\",\"https:\/\/www.youtube.com\/channel\/UCIXacTvSnivIbWaL5DNQK2g\",\"https:\/\/www.tiktok.com\/@warp_systems\"]}]}<\/script>\n<!-- \/ Yoast SEO plugin. -->","yoast_head_json":{"title":"Vloerverwarming laten leggen? Cre\u00eber maximaal comfort in huis","description":"Eenvoudig wand-, plafond- of vloerverwarming laten leggen door \u00e9\u00e9n van onze installateurs? Ontdek hier hoe makkelijk het kan!","robots":{"index":"index","follow":"follow","max-snippet":"max-snippet:-1","max-image-preview":"max-image-preview:large","max-video-preview":"max-video-preview:-1"},"canonical":"http:\/\/devwarp.triplehosting.nl\/es\/instalacion\/instalacion-a-cargo-de-profesionales\/","og_locale":"es_ES","og_type":"article","og_title":"Vloerverwarming laten leggen? Cre\u00eber maximaal comfort in huis","og_description":"Eenvoudig wand-, plafond- of vloerverwarming laten leggen door \u00e9\u00e9n van onze installateurs? Ontdek hier hoe makkelijk het kan!","og_url":"http:\/\/devwarp.triplehosting.nl\/es\/instalacion\/instalacion-a-cargo-de-profesionales\/","og_site_name":"WARP Systems","article_publisher":"https:\/\/www.facebook.com\/WARP.Systems.BV\/","article_modified_time":"2025-07-16T08:20:34+00:00","twitter_card":"summary_large_image","twitter_misc":{"Tiempo de lectura":"4 minutos"},"schema":{"@context":"https:\/\/schema.org","@graph":[{"@type":"WebPage","@id":"http:\/\/devwarp.triplehosting.nl\/es\/instalacion\/instalacion-a-cargo-de-profesionales\/","url":"http:\/\/devwarp.triplehosting.nl\/es\/instalacion\/instalacion-a-cargo-de-profesionales\/","name":"Vloerverwarming laten leggen? Cre\u00eber maximaal comfort in huis","isPartOf":{"@id":"http:\/\/devwarp.triplehosting.nl\/es\/#website"},"datePublished":"2024-03-14T12:24:13+00:00","dateModified":"2025-07-16T08:20:34+00:00","description":"Eenvoudig wand-, plafond- of vloerverwarming laten leggen door \u00e9\u00e9n van onze installateurs? Ontdek hier hoe makkelijk het kan!","breadcrumb":{"@id":"http:\/\/devwarp.triplehosting.nl\/es\/instalacion\/instalacion-a-cargo-de-profesionales\/#breadcrumb"},"inLanguage":"es","potentialAction":[{"@type":"ReadAction","target":["http:\/\/devwarp.triplehosting.nl\/es\/instalacion\/instalacion-a-cargo-de-profesionales\/"]}]},{"@type":"BreadcrumbList","@id":"http:\/\/devwarp.triplehosting.nl\/es\/instalacion\/instalacion-a-cargo-de-profesionales\/#breadcrumb","itemListElement":[{"@type":"ListItem","position":1,"name":"Home","item":"https:\/\/devwarp.triplehosting.nl\/es\/"},{"@type":"ListItem","position":2,"name":"Instalaci\u00f3n","item":"https:\/\/devwarp.triplehosting.nl\/es\/instalacion\/"},{"@type":"ListItem","position":3,"name":"Instalaci\u00f3n: a cargo de profesionales"}]},{"@type":"WebSite","@id":"http:\/\/devwarp.triplehosting.nl\/es\/#website","url":"http:\/\/devwarp.triplehosting.nl\/es\/","name":"WARP Systems","description":"Vloer-, wand- en plafondverwarming","publisher":{"@id":"http:\/\/devwarp.triplehosting.nl\/es\/#organization"},"potentialAction":[{"@type":"SearchAction","target":{"@type":"EntryPoint","urlTemplate":"http:\/\/devwarp.triplehosting.nl\/es\/?s={search_term_string}"},"query-input":{"@type":"PropertyValueSpecification","valueRequired":true,"valueName":"search_term_string"}}],"inLanguage":"es"},{"@type":"Organization","@id":"http:\/\/devwarp.triplehosting.nl\/es\/#organization","name":"WARP Systems","url":"http:\/\/devwarp.triplehosting.nl\/es\/","logo":{"@type":"ImageObject","inLanguage":"es","@id":"http:\/\/devwarp.triplehosting.nl\/es\/#\/schema\/logo\/image\/","url":"http:\/\/devwarp.triplehosting.nl\/wp-content\/uploads\/2024\/11\/WARP-logo_underfloor.png","contentUrl":"http:\/\/devwarp.triplehosting.nl\/wp-content\/uploads\/2024\/11\/WARP-logo_underfloor.png","width":1330,"height":1084,"caption":"WARP Systems"},"image":{"@id":"http:\/\/devwarp.triplehosting.nl\/es\/#\/schema\/logo\/image\/"},"sameAs":["https:\/\/www.facebook.com\/WARP.Systems.BV\/","https:\/\/www.instagram.com\/vloerverwarming\/?hl=nl","https:\/\/www.linkedin.com\/company\/warp-systems-bv\/","https:\/\/www.youtube.com\/channel\/UCIXacTvSnivIbWaL5DNQK2g","https:\/\/www.tiktok.com\/@warp_systems"]}]}},"_links":{"self":[{"href":"http:\/\/devwarp.triplehosting.nl\/es\/wp-json\/wp\/v2\/pages\/17637","targetHints":{"allow":["GET"]}}],"collection":[{"href":"http:\/\/devwarp.triplehosting.nl\/es\/wp-json\/wp\/v2\/pages"}],"about":[{"href":"http:\/\/devwarp.triplehosting.nl\/es\/wp-json\/wp\/v2\/types\/page"}],"author":[{"embeddable":true,"href":"http:\/\/devwarp.triplehosting.nl\/es\/wp-json\/wp\/v2\/users\/1"}],"replies":[{"embeddable":true,"href":"http:\/\/devwarp.triplehosting.nl\/es\/wp-json\/wp\/v2\/comments?post=17637"}],"version-history":[{"count":3,"href":"http:\/\/devwarp.triplehosting.nl\/es\/wp-json\/wp\/v2\/pages\/17637\/revisions"}],"predecessor-version":[{"id":18230,"href":"http:\/\/devwarp.triplehosting.nl\/es\/wp-json\/wp\/v2\/pages\/17637\/revisions\/18230"}],"up":[{"embeddable":true,"href":"http:\/\/devwarp.triplehosting.nl\/es\/wp-json\/wp\/v2\/pages\/17522"}],"wp:attachment":[{"href":"http:\/\/devwarp.triplehosting.nl\/es\/wp-json\/wp\/v2\/media?parent=17637"}],"wp:term":[{"taxonomy":"folder","embeddable":true,"href":"http:\/\/devwarp.triplehosting.nl\/es\/wp-json\/wp\/v2\/folder?post=17637"}],"curies":[{"name":"wp","href":"https:\/\/api.w.org\/{rel}","templated":true}]}}