{"id":17469,"date":"2024-02-27T13:28:58","date_gmt":"2024-02-27T12:28:58","guid":{"rendered":"https:\/\/www.warp-systems.nl\/onze-oplossingen\/wandverwarming\/"},"modified":"2025-07-29T16:16:12","modified_gmt":"2025-07-29T14:16:12","slug":"chauffage-par-les-murs","status":"publish","type":"page","link":"https:\/\/devwarp.triplehosting.nl\/fr\/nos-solutions\/chauffage-par-les-murs\/","title":{"rendered":"Chauffage par les murs"},"content":{"rendered":"","protected":false},"excerpt":{"rendered":"","protected":false},"author":1,"featured_media":0,"parent":17461,"menu_order":0,"comment_status":"closed","ping_status":"closed","template":"","meta":{"_acf_changed":false,"inline_featured_image":false,"footnotes":""},"folder":[],"class_list":["post-17469","page","type-page","status-publish","hentry"],"acf":[],"yoast_head":"<!-- This site is optimized with the Yoast SEO plugin v26.2 - https:\/\/yoast.com\/wordpress\/plugins\/seo\/ -->\n<title>Chauffage mural : le syst\u00e8me de chauffage le plus polyvalent<\/title>\n<meta name=\"description\" content=\"Chauffage mural : tout le mur devient un grand radiateur invisible. Une chaleur r\u00e9partie uniform\u00e9ment et un int\u00e9rieur \u00e9l\u00e9gant. En savoir plus !\" \/>\n<meta name=\"robots\" content=\"index, follow, max-snippet:-1, max-image-preview:large, max-video-preview:-1\" \/>\n<link rel=\"canonical\" href=\"https:\/\/devwarp.triplehosting.nl\/fr\/nos-solutions\/chauffage-par-les-murs\/\" \/>\n<meta property=\"og:locale\" content=\"fr_FR\" \/>\n<meta property=\"og:type\" content=\"article\" \/>\n<meta property=\"og:title\" content=\"Chauffage mural : le syst\u00e8me de chauffage le plus polyvalent\" \/>\n<meta property=\"og:description\" content=\"Chauffage mural : tout le mur devient un grand radiateur invisible. Une chaleur r\u00e9partie uniform\u00e9ment et un int\u00e9rieur \u00e9l\u00e9gant. En savoir plus !\" \/>\n<meta property=\"og:url\" content=\"https:\/\/devwarp.triplehosting.nl\/fr\/nos-solutions\/chauffage-par-les-murs\/\" \/>\n<meta property=\"og:site_name\" content=\"WARP Systems\" \/>\n<meta property=\"article:publisher\" content=\"https:\/\/www.facebook.com\/WARP.Systems.BV\/\" \/>\n<meta property=\"article:modified_time\" content=\"2025-07-29T14:16:12+00:00\" \/>\n<meta name=\"twitter:card\" content=\"summary_large_image\" \/>\n<meta name=\"twitter:label1\" content=\"Dur\u00e9e de lecture estim\u00e9e\" \/>\n\t<meta name=\"twitter:data1\" content=\"8 minutes\" \/>\n<script type=\"application\/ld+json\" class=\"yoast-schema-graph\">{\"@context\":\"https:\/\/schema.org\",\"@graph\":[{\"@type\":\"WebPage\",\"@id\":\"https:\/\/devwarp.triplehosting.nl\/fr\/nos-solutions\/chauffage-par-les-murs\/\",\"url\":\"https:\/\/devwarp.triplehosting.nl\/fr\/nos-solutions\/chauffage-par-les-murs\/\",\"name\":\"Chauffage mural : le syst\u00e8me de chauffage le plus polyvalent\",\"isPartOf\":{\"@id\":\"http:\/\/devwarp.triplehosting.nl\/fr\/#website\"},\"datePublished\":\"2024-02-27T12:28:58+00:00\",\"dateModified\":\"2025-07-29T14:16:12+00:00\",\"description\":\"Chauffage mural : tout le mur devient un grand radiateur invisible. Une chaleur r\u00e9partie uniform\u00e9ment et un int\u00e9rieur \u00e9l\u00e9gant. En savoir plus !\",\"breadcrumb\":{\"@id\":\"https:\/\/devwarp.triplehosting.nl\/fr\/nos-solutions\/chauffage-par-les-murs\/#breadcrumb\"},\"inLanguage\":\"fr-FR\",\"potentialAction\":[{\"@type\":\"ReadAction\",\"target\":[\"https:\/\/devwarp.triplehosting.nl\/fr\/nos-solutions\/chauffage-par-les-murs\/\"]}]},{\"@type\":\"BreadcrumbList\",\"@id\":\"https:\/\/devwarp.triplehosting.nl\/fr\/nos-solutions\/chauffage-par-les-murs\/#breadcrumb\",\"itemListElement\":[{\"@type\":\"ListItem\",\"position\":1,\"name\":\"Home\",\"item\":\"http:\/\/devwarp.triplehosting.nl\/fr\/\"},{\"@type\":\"ListItem\",\"position\":2,\"name\":\"Nos solutions\",\"item\":\"https:\/\/devwarp.triplehosting.nl\/fr\/nos-solutions\/\"},{\"@type\":\"ListItem\",\"position\":3,\"name\":\"Chauffage par les murs\"}]},{\"@type\":\"WebSite\",\"@id\":\"http:\/\/devwarp.triplehosting.nl\/fr\/#website\",\"url\":\"http:\/\/devwarp.triplehosting.nl\/fr\/\",\"name\":\"WARP Systems\",\"description\":\"Vloer-, wand- en plafondverwarming\",\"publisher\":{\"@id\":\"http:\/\/devwarp.triplehosting.nl\/fr\/#organization\"},\"potentialAction\":[{\"@type\":\"SearchAction\",\"target\":{\"@type\":\"EntryPoint\",\"urlTemplate\":\"http:\/\/devwarp.triplehosting.nl\/fr\/?s={search_term_string}\"},\"query-input\":{\"@type\":\"PropertyValueSpecification\",\"valueRequired\":true,\"valueName\":\"search_term_string\"}}],\"inLanguage\":\"fr-FR\"},{\"@type\":\"Organization\",\"@id\":\"http:\/\/devwarp.triplehosting.nl\/fr\/#organization\",\"name\":\"WARP Systems\",\"url\":\"http:\/\/devwarp.triplehosting.nl\/fr\/\",\"logo\":{\"@type\":\"ImageObject\",\"inLanguage\":\"fr-FR\",\"@id\":\"http:\/\/devwarp.triplehosting.nl\/fr\/#\/schema\/logo\/image\/\",\"url\":\"http:\/\/devwarp.triplehosting.nl\/wp-content\/uploads\/2024\/11\/WARP-logo_underfloor.png\",\"contentUrl\":\"http:\/\/devwarp.triplehosting.nl\/wp-content\/uploads\/2024\/11\/WARP-logo_underfloor.png\",\"width\":1330,\"height\":1084,\"caption\":\"WARP Systems\"},\"image\":{\"@id\":\"http:\/\/devwarp.triplehosting.nl\/fr\/#\/schema\/logo\/image\/\"},\"sameAs\":[\"https:\/\/www.facebook.com\/WARP.Systems.BV\/\",\"https:\/\/www.instagram.com\/vloerverwarming\/?hl=nl\",\"https:\/\/www.linkedin.com\/company\/warp-systems-bv\/\",\"https:\/\/www.youtube.com\/channel\/UCIXacTvSnivIbWaL5DNQK2g\",\"https:\/\/www.tiktok.com\/@warp_systems\"]}]}<\/script>\n<!-- \/ Yoast SEO plugin. -->","yoast_head_json":{"title":"Chauffage mural : le syst\u00e8me de chauffage le plus polyvalent","description":"Chauffage mural : tout le mur devient un grand radiateur invisible. Une chaleur r\u00e9partie uniform\u00e9ment et un int\u00e9rieur \u00e9l\u00e9gant. En savoir plus !","robots":{"index":"index","follow":"follow","max-snippet":"max-snippet:-1","max-image-preview":"max-image-preview:large","max-video-preview":"max-video-preview:-1"},"canonical":"https:\/\/devwarp.triplehosting.nl\/fr\/nos-solutions\/chauffage-par-les-murs\/","og_locale":"fr_FR","og_type":"article","og_title":"Chauffage mural : le syst\u00e8me de chauffage le plus polyvalent","og_description":"Chauffage mural : tout le mur devient un grand radiateur invisible. Une chaleur r\u00e9partie uniform\u00e9ment et un int\u00e9rieur \u00e9l\u00e9gant. En savoir plus !","og_url":"https:\/\/devwarp.triplehosting.nl\/fr\/nos-solutions\/chauffage-par-les-murs\/","og_site_name":"WARP Systems","article_publisher":"https:\/\/www.facebook.com\/WARP.Systems.BV\/","article_modified_time":"2025-07-29T14:16:12+00:00","twitter_card":"summary_large_image","twitter_misc":{"Dur\u00e9e de lecture estim\u00e9e":"8 minutes"},"schema":{"@context":"https:\/\/schema.org","@graph":[{"@type":"WebPage","@id":"https:\/\/devwarp.triplehosting.nl\/fr\/nos-solutions\/chauffage-par-les-murs\/","url":"https:\/\/devwarp.triplehosting.nl\/fr\/nos-solutions\/chauffage-par-les-murs\/","name":"Chauffage mural : le syst\u00e8me de chauffage le plus polyvalent","isPartOf":{"@id":"http:\/\/devwarp.triplehosting.nl\/fr\/#website"},"datePublished":"2024-02-27T12:28:58+00:00","dateModified":"2025-07-29T14:16:12+00:00","description":"Chauffage mural : tout le mur devient un grand radiateur invisible. Une chaleur r\u00e9partie uniform\u00e9ment et un int\u00e9rieur \u00e9l\u00e9gant. En savoir plus !","breadcrumb":{"@id":"https:\/\/devwarp.triplehosting.nl\/fr\/nos-solutions\/chauffage-par-les-murs\/#breadcrumb"},"inLanguage":"fr-FR","potentialAction":[{"@type":"ReadAction","target":["https:\/\/devwarp.triplehosting.nl\/fr\/nos-solutions\/chauffage-par-les-murs\/"]}]},{"@type":"BreadcrumbList","@id":"https:\/\/devwarp.triplehosting.nl\/fr\/nos-solutions\/chauffage-par-les-murs\/#breadcrumb","itemListElement":[{"@type":"ListItem","position":1,"name":"Home","item":"http:\/\/devwarp.triplehosting.nl\/fr\/"},{"@type":"ListItem","position":2,"name":"Nos solutions","item":"https:\/\/devwarp.triplehosting.nl\/fr\/nos-solutions\/"},{"@type":"ListItem","position":3,"name":"Chauffage par les murs"}]},{"@type":"WebSite","@id":"http:\/\/devwarp.triplehosting.nl\/fr\/#website","url":"http:\/\/devwarp.triplehosting.nl\/fr\/","name":"WARP Systems","description":"Vloer-, wand- en plafondverwarming","publisher":{"@id":"http:\/\/devwarp.triplehosting.nl\/fr\/#organization"},"potentialAction":[{"@type":"SearchAction","target":{"@type":"EntryPoint","urlTemplate":"http:\/\/devwarp.triplehosting.nl\/fr\/?s={search_term_string}"},"query-input":{"@type":"PropertyValueSpecification","valueRequired":true,"valueName":"search_term_string"}}],"inLanguage":"fr-FR"},{"@type":"Organization","@id":"http:\/\/devwarp.triplehosting.nl\/fr\/#organization","name":"WARP Systems","url":"http:\/\/devwarp.triplehosting.nl\/fr\/","logo":{"@type":"ImageObject","inLanguage":"fr-FR","@id":"http:\/\/devwarp.triplehosting.nl\/fr\/#\/schema\/logo\/image\/","url":"http:\/\/devwarp.triplehosting.nl\/wp-content\/uploads\/2024\/11\/WARP-logo_underfloor.png","contentUrl":"http:\/\/devwarp.triplehosting.nl\/wp-content\/uploads\/2024\/11\/WARP-logo_underfloor.png","width":1330,"height":1084,"caption":"WARP Systems"},"image":{"@id":"http:\/\/devwarp.triplehosting.nl\/fr\/#\/schema\/logo\/image\/"},"sameAs":["https:\/\/www.facebook.com\/WARP.Systems.BV\/","https:\/\/www.instagram.com\/vloerverwarming\/?hl=nl","https:\/\/www.linkedin.com\/company\/warp-systems-bv\/","https:\/\/www.youtube.com\/channel\/UCIXacTvSnivIbWaL5DNQK2g","https:\/\/www.tiktok.com\/@warp_systems"]}]}},"_links":{"self":[{"href":"https:\/\/devwarp.triplehosting.nl\/fr\/wp-json\/wp\/v2\/pages\/17469","targetHints":{"allow":["GET"]}}],"collection":[{"href":"https:\/\/devwarp.triplehosting.nl\/fr\/wp-json\/wp\/v2\/pages"}],"about":[{"href":"https:\/\/devwarp.triplehosting.nl\/fr\/wp-json\/wp\/v2\/types\/page"}],"author":[{"embeddable":true,"href":"https:\/\/devwarp.triplehosting.nl\/fr\/wp-json\/wp\/v2\/users\/1"}],"replies":[{"embeddable":true,"href":"https:\/\/devwarp.triplehosting.nl\/fr\/wp-json\/wp\/v2\/comments?post=17469"}],"version-history":[{"count":6,"href":"https:\/\/devwarp.triplehosting.nl\/fr\/wp-json\/wp\/v2\/pages\/17469\/revisions"}],"predecessor-version":[{"id":18538,"href":"https:\/\/devwarp.triplehosting.nl\/fr\/wp-json\/wp\/v2\/pages\/17469\/revisions\/18538"}],"up":[{"embeddable":true,"href":"https:\/\/devwarp.triplehosting.nl\/fr\/wp-json\/wp\/v2\/pages\/17461"}],"wp:attachment":[{"href":"https:\/\/devwarp.triplehosting.nl\/fr\/wp-json\/wp\/v2\/media?parent=17469"}],"wp:term":[{"taxonomy":"folder","embeddable":true,"href":"https:\/\/devwarp.triplehosting.nl\/fr\/wp-json\/wp\/v2\/folder?post=17469"}],"curies":[{"name":"wp","href":"https:\/\/api.w.org\/{rel}","templated":true}]}}