{"id":17790,"date":"2024-03-14T14:28:22","date_gmt":"2024-03-14T13:28:22","guid":{"rendered":"https:\/\/www.warp-systems.nl\/zelf-vloerverwarming-leggen\/"},"modified":"2025-07-29T16:11:07","modified_gmt":"2025-07-29T14:11:07","slug":"installer-soi-meme-le-chauffage-par-le-sol","status":"publish","type":"page","link":"https:\/\/devwarp.triplehosting.nl\/fr\/installer-soi-meme-le-chauffage-par-le-sol\/","title":{"rendered":"Installer soi-m\u00eame le chauffage par le sol"},"content":{"rendered":"","protected":false},"excerpt":{"rendered":"","protected":false},"author":1,"featured_media":0,"parent":0,"menu_order":0,"comment_status":"closed","ping_status":"closed","template":"","meta":{"_acf_changed":false,"inline_featured_image":false,"footnotes":""},"folder":[],"class_list":["post-17790","page","type-page","status-publish","hentry"],"acf":[],"yoast_head":"<!-- This site is optimized with the Yoast SEO plugin v26.2 - https:\/\/yoast.com\/wordpress\/plugins\/seo\/ -->\n<title>Installer soi-m\u00eame un chauffage au sol : c\u2019est aussi simple que \u00e7a ! | WARP<\/title>\n<meta name=\"description\" content=\"Installez facilement votre chauffage au sol sans rainurage gr\u00e2ce \u00e0 nos kits complets pour bricoleurs. D\u00e9couvrez ici le guide \u00e9tape par \u00e9tape.\" \/>\n<meta name=\"robots\" content=\"index, follow, max-snippet:-1, max-image-preview:large, max-video-preview:-1\" \/>\n<link rel=\"canonical\" href=\"https:\/\/devwarp.triplehosting.nl\/fr\/installer-soi-meme-le-chauffage-par-le-sol\/\" \/>\n<meta property=\"og:locale\" content=\"fr_FR\" \/>\n<meta property=\"og:type\" content=\"article\" \/>\n<meta property=\"og:title\" content=\"Installer soi-m\u00eame un chauffage au sol : c\u2019est aussi simple que \u00e7a ! | WARP\" \/>\n<meta property=\"og:description\" content=\"Installez facilement votre chauffage au sol sans rainurage gr\u00e2ce \u00e0 nos kits complets pour bricoleurs. D\u00e9couvrez ici le guide \u00e9tape par \u00e9tape.\" \/>\n<meta property=\"og:url\" content=\"https:\/\/devwarp.triplehosting.nl\/fr\/installer-soi-meme-le-chauffage-par-le-sol\/\" \/>\n<meta property=\"og:site_name\" content=\"WARP Systems\" \/>\n<meta property=\"article:publisher\" content=\"https:\/\/www.facebook.com\/WARP.Systems.BV\/\" \/>\n<meta property=\"article:modified_time\" content=\"2025-07-29T14:11:07+00:00\" \/>\n<meta name=\"twitter:card\" content=\"summary_large_image\" \/>\n<meta name=\"twitter:label1\" content=\"Dur\u00e9e de lecture estim\u00e9e\" \/>\n\t<meta name=\"twitter:data1\" content=\"19 minutes\" \/>\n<script type=\"application\/ld+json\" class=\"yoast-schema-graph\">{\"@context\":\"https:\/\/schema.org\",\"@graph\":[{\"@type\":\"WebPage\",\"@id\":\"https:\/\/devwarp.triplehosting.nl\/fr\/installer-soi-meme-le-chauffage-par-le-sol\/\",\"url\":\"https:\/\/devwarp.triplehosting.nl\/fr\/installer-soi-meme-le-chauffage-par-le-sol\/\",\"name\":\"Installer soi-m\u00eame un chauffage au sol : c\u2019est aussi simple que \u00e7a ! | WARP\",\"isPartOf\":{\"@id\":\"http:\/\/devwarp.triplehosting.nl\/fr\/#website\"},\"datePublished\":\"2024-03-14T13:28:22+00:00\",\"dateModified\":\"2025-07-29T14:11:07+00:00\",\"description\":\"Installez facilement votre chauffage au sol sans rainurage gr\u00e2ce \u00e0 nos kits complets pour bricoleurs. D\u00e9couvrez ici le guide \u00e9tape par \u00e9tape.\",\"breadcrumb\":{\"@id\":\"https:\/\/devwarp.triplehosting.nl\/fr\/installer-soi-meme-le-chauffage-par-le-sol\/#breadcrumb\"},\"inLanguage\":\"fr-FR\",\"potentialAction\":[{\"@type\":\"ReadAction\",\"target\":[\"https:\/\/devwarp.triplehosting.nl\/fr\/installer-soi-meme-le-chauffage-par-le-sol\/\"]}]},{\"@type\":\"BreadcrumbList\",\"@id\":\"https:\/\/devwarp.triplehosting.nl\/fr\/installer-soi-meme-le-chauffage-par-le-sol\/#breadcrumb\",\"itemListElement\":[{\"@type\":\"ListItem\",\"position\":1,\"name\":\"Home\",\"item\":\"http:\/\/devwarp.triplehosting.nl\/fr\/\"},{\"@type\":\"ListItem\",\"position\":2,\"name\":\"Installer soi-m\u00eame le chauffage par le sol\"}]},{\"@type\":\"WebSite\",\"@id\":\"http:\/\/devwarp.triplehosting.nl\/fr\/#website\",\"url\":\"http:\/\/devwarp.triplehosting.nl\/fr\/\",\"name\":\"WARP Systems\",\"description\":\"Vloer-, wand- en plafondverwarming\",\"publisher\":{\"@id\":\"http:\/\/devwarp.triplehosting.nl\/fr\/#organization\"},\"potentialAction\":[{\"@type\":\"SearchAction\",\"target\":{\"@type\":\"EntryPoint\",\"urlTemplate\":\"http:\/\/devwarp.triplehosting.nl\/fr\/?s={search_term_string}\"},\"query-input\":{\"@type\":\"PropertyValueSpecification\",\"valueRequired\":true,\"valueName\":\"search_term_string\"}}],\"inLanguage\":\"fr-FR\"},{\"@type\":\"Organization\",\"@id\":\"http:\/\/devwarp.triplehosting.nl\/fr\/#organization\",\"name\":\"WARP Systems\",\"url\":\"http:\/\/devwarp.triplehosting.nl\/fr\/\",\"logo\":{\"@type\":\"ImageObject\",\"inLanguage\":\"fr-FR\",\"@id\":\"http:\/\/devwarp.triplehosting.nl\/fr\/#\/schema\/logo\/image\/\",\"url\":\"http:\/\/devwarp.triplehosting.nl\/wp-content\/uploads\/2024\/11\/WARP-logo_underfloor.png\",\"contentUrl\":\"http:\/\/devwarp.triplehosting.nl\/wp-content\/uploads\/2024\/11\/WARP-logo_underfloor.png\",\"width\":1330,\"height\":1084,\"caption\":\"WARP Systems\"},\"image\":{\"@id\":\"http:\/\/devwarp.triplehosting.nl\/fr\/#\/schema\/logo\/image\/\"},\"sameAs\":[\"https:\/\/www.facebook.com\/WARP.Systems.BV\/\",\"https:\/\/www.instagram.com\/vloerverwarming\/?hl=nl\",\"https:\/\/www.linkedin.com\/company\/warp-systems-bv\/\",\"https:\/\/www.youtube.com\/channel\/UCIXacTvSnivIbWaL5DNQK2g\",\"https:\/\/www.tiktok.com\/@warp_systems\"]}]}<\/script>\n<!-- \/ Yoast SEO plugin. -->","yoast_head_json":{"title":"Installer soi-m\u00eame un chauffage au sol : c\u2019est aussi simple que \u00e7a ! | WARP","description":"Installez facilement votre chauffage au sol sans rainurage gr\u00e2ce \u00e0 nos kits complets pour bricoleurs. D\u00e9couvrez ici le guide \u00e9tape par \u00e9tape.","robots":{"index":"index","follow":"follow","max-snippet":"max-snippet:-1","max-image-preview":"max-image-preview:large","max-video-preview":"max-video-preview:-1"},"canonical":"https:\/\/devwarp.triplehosting.nl\/fr\/installer-soi-meme-le-chauffage-par-le-sol\/","og_locale":"fr_FR","og_type":"article","og_title":"Installer soi-m\u00eame un chauffage au sol : c\u2019est aussi simple que \u00e7a ! | WARP","og_description":"Installez facilement votre chauffage au sol sans rainurage gr\u00e2ce \u00e0 nos kits complets pour bricoleurs. D\u00e9couvrez ici le guide \u00e9tape par \u00e9tape.","og_url":"https:\/\/devwarp.triplehosting.nl\/fr\/installer-soi-meme-le-chauffage-par-le-sol\/","og_site_name":"WARP Systems","article_publisher":"https:\/\/www.facebook.com\/WARP.Systems.BV\/","article_modified_time":"2025-07-29T14:11:07+00:00","twitter_card":"summary_large_image","twitter_misc":{"Dur\u00e9e de lecture estim\u00e9e":"19 minutes"},"schema":{"@context":"https:\/\/schema.org","@graph":[{"@type":"WebPage","@id":"https:\/\/devwarp.triplehosting.nl\/fr\/installer-soi-meme-le-chauffage-par-le-sol\/","url":"https:\/\/devwarp.triplehosting.nl\/fr\/installer-soi-meme-le-chauffage-par-le-sol\/","name":"Installer soi-m\u00eame un chauffage au sol : c\u2019est aussi simple que \u00e7a ! | WARP","isPartOf":{"@id":"http:\/\/devwarp.triplehosting.nl\/fr\/#website"},"datePublished":"2024-03-14T13:28:22+00:00","dateModified":"2025-07-29T14:11:07+00:00","description":"Installez facilement votre chauffage au sol sans rainurage gr\u00e2ce \u00e0 nos kits complets pour bricoleurs. D\u00e9couvrez ici le guide \u00e9tape par \u00e9tape.","breadcrumb":{"@id":"https:\/\/devwarp.triplehosting.nl\/fr\/installer-soi-meme-le-chauffage-par-le-sol\/#breadcrumb"},"inLanguage":"fr-FR","potentialAction":[{"@type":"ReadAction","target":["https:\/\/devwarp.triplehosting.nl\/fr\/installer-soi-meme-le-chauffage-par-le-sol\/"]}]},{"@type":"BreadcrumbList","@id":"https:\/\/devwarp.triplehosting.nl\/fr\/installer-soi-meme-le-chauffage-par-le-sol\/#breadcrumb","itemListElement":[{"@type":"ListItem","position":1,"name":"Home","item":"http:\/\/devwarp.triplehosting.nl\/fr\/"},{"@type":"ListItem","position":2,"name":"Installer soi-m\u00eame le chauffage par le sol"}]},{"@type":"WebSite","@id":"http:\/\/devwarp.triplehosting.nl\/fr\/#website","url":"http:\/\/devwarp.triplehosting.nl\/fr\/","name":"WARP Systems","description":"Vloer-, wand- en plafondverwarming","publisher":{"@id":"http:\/\/devwarp.triplehosting.nl\/fr\/#organization"},"potentialAction":[{"@type":"SearchAction","target":{"@type":"EntryPoint","urlTemplate":"http:\/\/devwarp.triplehosting.nl\/fr\/?s={search_term_string}"},"query-input":{"@type":"PropertyValueSpecification","valueRequired":true,"valueName":"search_term_string"}}],"inLanguage":"fr-FR"},{"@type":"Organization","@id":"http:\/\/devwarp.triplehosting.nl\/fr\/#organization","name":"WARP Systems","url":"http:\/\/devwarp.triplehosting.nl\/fr\/","logo":{"@type":"ImageObject","inLanguage":"fr-FR","@id":"http:\/\/devwarp.triplehosting.nl\/fr\/#\/schema\/logo\/image\/","url":"http:\/\/devwarp.triplehosting.nl\/wp-content\/uploads\/2024\/11\/WARP-logo_underfloor.png","contentUrl":"http:\/\/devwarp.triplehosting.nl\/wp-content\/uploads\/2024\/11\/WARP-logo_underfloor.png","width":1330,"height":1084,"caption":"WARP Systems"},"image":{"@id":"http:\/\/devwarp.triplehosting.nl\/fr\/#\/schema\/logo\/image\/"},"sameAs":["https:\/\/www.facebook.com\/WARP.Systems.BV\/","https:\/\/www.instagram.com\/vloerverwarming\/?hl=nl","https:\/\/www.linkedin.com\/company\/warp-systems-bv\/","https:\/\/www.youtube.com\/channel\/UCIXacTvSnivIbWaL5DNQK2g","https:\/\/www.tiktok.com\/@warp_systems"]}]}},"_links":{"self":[{"href":"https:\/\/devwarp.triplehosting.nl\/fr\/wp-json\/wp\/v2\/pages\/17790","targetHints":{"allow":["GET"]}}],"collection":[{"href":"https:\/\/devwarp.triplehosting.nl\/fr\/wp-json\/wp\/v2\/pages"}],"about":[{"href":"https:\/\/devwarp.triplehosting.nl\/fr\/wp-json\/wp\/v2\/types\/page"}],"author":[{"embeddable":true,"href":"https:\/\/devwarp.triplehosting.nl\/fr\/wp-json\/wp\/v2\/users\/1"}],"replies":[{"embeddable":true,"href":"https:\/\/devwarp.triplehosting.nl\/fr\/wp-json\/wp\/v2\/comments?post=17790"}],"version-history":[{"count":9,"href":"https:\/\/devwarp.triplehosting.nl\/fr\/wp-json\/wp\/v2\/pages\/17790\/revisions"}],"predecessor-version":[{"id":18561,"href":"https:\/\/devwarp.triplehosting.nl\/fr\/wp-json\/wp\/v2\/pages\/17790\/revisions\/18561"}],"wp:attachment":[{"href":"https:\/\/devwarp.triplehosting.nl\/fr\/wp-json\/wp\/v2\/media?parent=17790"}],"wp:term":[{"taxonomy":"folder","embeddable":true,"href":"https:\/\/devwarp.triplehosting.nl\/fr\/wp-json\/wp\/v2\/folder?post=17790"}],"curies":[{"name":"wp","href":"https:\/\/api.w.org\/{rel}","templated":true}]}}