{"id":17855,"date":"2024-03-14T13:48:12","date_gmt":"2024-03-14T12:48:12","guid":{"rendered":"https:\/\/www.warp-systems.nl\/aanleggen\/zelf-aanleggen-speetherm\/"},"modified":"2025-07-29T16:07:48","modified_gmt":"2025-07-29T14:07:48","slug":"installer-speetherm-soi-meme","status":"publish","type":"page","link":"https:\/\/devwarp.triplehosting.nl\/fr\/installation\/installer-speetherm-soi-meme\/","title":{"rendered":"Installer SpeeTherm soi-m\u00eame"},"content":{"rendered":"","protected":false},"excerpt":{"rendered":"","protected":false},"author":1,"featured_media":0,"parent":17786,"menu_order":0,"comment_status":"closed","ping_status":"closed","template":"","meta":{"_acf_changed":false,"inline_featured_image":false,"footnotes":""},"folder":[],"class_list":["post-17855","page","type-page","status-publish","hentry"],"acf":[],"yoast_head":"<!-- This site is optimized with the Yoast SEO plugin v26.2 - https:\/\/yoast.com\/wordpress\/plugins\/seo\/ -->\n<title>installer-speetherm-soi-meme<\/title>\n<meta name=\"description\" content=\"Installer vous-m\u00eame un chauffage au sol en construction s\u00e8che? C\u2019est tr\u00e8s facile avec SpeeTherm, gr\u00e2ce \u00e0 des instructions claires (vid\u00e9o incluse) et un plan de pose gratuit! D\u00e9couvrez-le d\u00e8s maintenant.\" \/>\n<meta name=\"robots\" content=\"index, follow, max-snippet:-1, max-image-preview:large, max-video-preview:-1\" \/>\n<link rel=\"canonical\" href=\"https:\/\/devwarp.triplehosting.nl\/fr\/installation\/installer-speetherm-soi-meme\/\" \/>\n<meta property=\"og:locale\" content=\"fr_FR\" \/>\n<meta property=\"og:type\" content=\"article\" \/>\n<meta property=\"og:title\" content=\"installer-speetherm-soi-meme\" \/>\n<meta property=\"og:description\" content=\"Installer vous-m\u00eame un chauffage au sol en construction s\u00e8che? C\u2019est tr\u00e8s facile avec SpeeTherm, gr\u00e2ce \u00e0 des instructions claires (vid\u00e9o incluse) et un plan de pose gratuit! D\u00e9couvrez-le d\u00e8s maintenant.\" \/>\n<meta property=\"og:url\" content=\"https:\/\/devwarp.triplehosting.nl\/fr\/installation\/installer-speetherm-soi-meme\/\" \/>\n<meta property=\"og:site_name\" content=\"WARP Systems\" \/>\n<meta property=\"article:publisher\" content=\"https:\/\/www.facebook.com\/WARP.Systems.BV\/\" \/>\n<meta property=\"article:modified_time\" content=\"2025-07-29T14:07:48+00:00\" \/>\n<meta name=\"twitter:card\" content=\"summary_large_image\" \/>\n<meta name=\"twitter:label1\" content=\"Dur\u00e9e de lecture estim\u00e9e\" \/>\n\t<meta name=\"twitter:data1\" content=\"5 minutes\" \/>\n<script type=\"application\/ld+json\" class=\"yoast-schema-graph\">{\"@context\":\"https:\/\/schema.org\",\"@graph\":[{\"@type\":\"WebPage\",\"@id\":\"https:\/\/devwarp.triplehosting.nl\/fr\/installation\/installer-speetherm-soi-meme\/\",\"url\":\"https:\/\/devwarp.triplehosting.nl\/fr\/installation\/installer-speetherm-soi-meme\/\",\"name\":\"installer-speetherm-soi-meme\",\"isPartOf\":{\"@id\":\"http:\/\/devwarp.triplehosting.nl\/fr\/#website\"},\"datePublished\":\"2024-03-14T12:48:12+00:00\",\"dateModified\":\"2025-07-29T14:07:48+00:00\",\"description\":\"Installer vous-m\u00eame un chauffage au sol en construction s\u00e8che? C\u2019est tr\u00e8s facile avec SpeeTherm, gr\u00e2ce \u00e0 des instructions claires (vid\u00e9o incluse) et un plan de pose gratuit! D\u00e9couvrez-le d\u00e8s maintenant.\",\"breadcrumb\":{\"@id\":\"https:\/\/devwarp.triplehosting.nl\/fr\/installation\/installer-speetherm-soi-meme\/#breadcrumb\"},\"inLanguage\":\"fr-FR\",\"potentialAction\":[{\"@type\":\"ReadAction\",\"target\":[\"https:\/\/devwarp.triplehosting.nl\/fr\/installation\/installer-speetherm-soi-meme\/\"]}]},{\"@type\":\"BreadcrumbList\",\"@id\":\"https:\/\/devwarp.triplehosting.nl\/fr\/installation\/installer-speetherm-soi-meme\/#breadcrumb\",\"itemListElement\":[{\"@type\":\"ListItem\",\"position\":1,\"name\":\"Home\",\"item\":\"http:\/\/devwarp.triplehosting.nl\/fr\/\"},{\"@type\":\"ListItem\",\"position\":2,\"name\":\"Installation\",\"item\":\"https:\/\/devwarp.triplehosting.nl\/fr\/installation\/\"},{\"@type\":\"ListItem\",\"position\":3,\"name\":\"Installer SpeeTherm soi-m\u00eame\"}]},{\"@type\":\"WebSite\",\"@id\":\"http:\/\/devwarp.triplehosting.nl\/fr\/#website\",\"url\":\"http:\/\/devwarp.triplehosting.nl\/fr\/\",\"name\":\"WARP Systems\",\"description\":\"Vloer-, wand- en plafondverwarming\",\"publisher\":{\"@id\":\"http:\/\/devwarp.triplehosting.nl\/fr\/#organization\"},\"potentialAction\":[{\"@type\":\"SearchAction\",\"target\":{\"@type\":\"EntryPoint\",\"urlTemplate\":\"http:\/\/devwarp.triplehosting.nl\/fr\/?s={search_term_string}\"},\"query-input\":{\"@type\":\"PropertyValueSpecification\",\"valueRequired\":true,\"valueName\":\"search_term_string\"}}],\"inLanguage\":\"fr-FR\"},{\"@type\":\"Organization\",\"@id\":\"http:\/\/devwarp.triplehosting.nl\/fr\/#organization\",\"name\":\"WARP Systems\",\"url\":\"http:\/\/devwarp.triplehosting.nl\/fr\/\",\"logo\":{\"@type\":\"ImageObject\",\"inLanguage\":\"fr-FR\",\"@id\":\"http:\/\/devwarp.triplehosting.nl\/fr\/#\/schema\/logo\/image\/\",\"url\":\"http:\/\/devwarp.triplehosting.nl\/wp-content\/uploads\/2024\/11\/WARP-logo_underfloor.png\",\"contentUrl\":\"http:\/\/devwarp.triplehosting.nl\/wp-content\/uploads\/2024\/11\/WARP-logo_underfloor.png\",\"width\":1330,\"height\":1084,\"caption\":\"WARP Systems\"},\"image\":{\"@id\":\"http:\/\/devwarp.triplehosting.nl\/fr\/#\/schema\/logo\/image\/\"},\"sameAs\":[\"https:\/\/www.facebook.com\/WARP.Systems.BV\/\",\"https:\/\/www.instagram.com\/vloerverwarming\/?hl=nl\",\"https:\/\/www.linkedin.com\/company\/warp-systems-bv\/\",\"https:\/\/www.youtube.com\/channel\/UCIXacTvSnivIbWaL5DNQK2g\",\"https:\/\/www.tiktok.com\/@warp_systems\"]}]}<\/script>\n<!-- \/ Yoast SEO plugin. -->","yoast_head_json":{"title":"installer-speetherm-soi-meme","description":"Installer vous-m\u00eame un chauffage au sol en construction s\u00e8che? C\u2019est tr\u00e8s facile avec SpeeTherm, gr\u00e2ce \u00e0 des instructions claires (vid\u00e9o incluse) et un plan de pose gratuit! D\u00e9couvrez-le d\u00e8s maintenant.","robots":{"index":"index","follow":"follow","max-snippet":"max-snippet:-1","max-image-preview":"max-image-preview:large","max-video-preview":"max-video-preview:-1"},"canonical":"https:\/\/devwarp.triplehosting.nl\/fr\/installation\/installer-speetherm-soi-meme\/","og_locale":"fr_FR","og_type":"article","og_title":"installer-speetherm-soi-meme","og_description":"Installer vous-m\u00eame un chauffage au sol en construction s\u00e8che? C\u2019est tr\u00e8s facile avec SpeeTherm, gr\u00e2ce \u00e0 des instructions claires (vid\u00e9o incluse) et un plan de pose gratuit! D\u00e9couvrez-le d\u00e8s maintenant.","og_url":"https:\/\/devwarp.triplehosting.nl\/fr\/installation\/installer-speetherm-soi-meme\/","og_site_name":"WARP Systems","article_publisher":"https:\/\/www.facebook.com\/WARP.Systems.BV\/","article_modified_time":"2025-07-29T14:07:48+00:00","twitter_card":"summary_large_image","twitter_misc":{"Dur\u00e9e de lecture estim\u00e9e":"5 minutes"},"schema":{"@context":"https:\/\/schema.org","@graph":[{"@type":"WebPage","@id":"https:\/\/devwarp.triplehosting.nl\/fr\/installation\/installer-speetherm-soi-meme\/","url":"https:\/\/devwarp.triplehosting.nl\/fr\/installation\/installer-speetherm-soi-meme\/","name":"installer-speetherm-soi-meme","isPartOf":{"@id":"http:\/\/devwarp.triplehosting.nl\/fr\/#website"},"datePublished":"2024-03-14T12:48:12+00:00","dateModified":"2025-07-29T14:07:48+00:00","description":"Installer vous-m\u00eame un chauffage au sol en construction s\u00e8che? C\u2019est tr\u00e8s facile avec SpeeTherm, gr\u00e2ce \u00e0 des instructions claires (vid\u00e9o incluse) et un plan de pose gratuit! D\u00e9couvrez-le d\u00e8s maintenant.","breadcrumb":{"@id":"https:\/\/devwarp.triplehosting.nl\/fr\/installation\/installer-speetherm-soi-meme\/#breadcrumb"},"inLanguage":"fr-FR","potentialAction":[{"@type":"ReadAction","target":["https:\/\/devwarp.triplehosting.nl\/fr\/installation\/installer-speetherm-soi-meme\/"]}]},{"@type":"BreadcrumbList","@id":"https:\/\/devwarp.triplehosting.nl\/fr\/installation\/installer-speetherm-soi-meme\/#breadcrumb","itemListElement":[{"@type":"ListItem","position":1,"name":"Home","item":"http:\/\/devwarp.triplehosting.nl\/fr\/"},{"@type":"ListItem","position":2,"name":"Installation","item":"https:\/\/devwarp.triplehosting.nl\/fr\/installation\/"},{"@type":"ListItem","position":3,"name":"Installer SpeeTherm soi-m\u00eame"}]},{"@type":"WebSite","@id":"http:\/\/devwarp.triplehosting.nl\/fr\/#website","url":"http:\/\/devwarp.triplehosting.nl\/fr\/","name":"WARP Systems","description":"Vloer-, wand- en plafondverwarming","publisher":{"@id":"http:\/\/devwarp.triplehosting.nl\/fr\/#organization"},"potentialAction":[{"@type":"SearchAction","target":{"@type":"EntryPoint","urlTemplate":"http:\/\/devwarp.triplehosting.nl\/fr\/?s={search_term_string}"},"query-input":{"@type":"PropertyValueSpecification","valueRequired":true,"valueName":"search_term_string"}}],"inLanguage":"fr-FR"},{"@type":"Organization","@id":"http:\/\/devwarp.triplehosting.nl\/fr\/#organization","name":"WARP Systems","url":"http:\/\/devwarp.triplehosting.nl\/fr\/","logo":{"@type":"ImageObject","inLanguage":"fr-FR","@id":"http:\/\/devwarp.triplehosting.nl\/fr\/#\/schema\/logo\/image\/","url":"http:\/\/devwarp.triplehosting.nl\/wp-content\/uploads\/2024\/11\/WARP-logo_underfloor.png","contentUrl":"http:\/\/devwarp.triplehosting.nl\/wp-content\/uploads\/2024\/11\/WARP-logo_underfloor.png","width":1330,"height":1084,"caption":"WARP Systems"},"image":{"@id":"http:\/\/devwarp.triplehosting.nl\/fr\/#\/schema\/logo\/image\/"},"sameAs":["https:\/\/www.facebook.com\/WARP.Systems.BV\/","https:\/\/www.instagram.com\/vloerverwarming\/?hl=nl","https:\/\/www.linkedin.com\/company\/warp-systems-bv\/","https:\/\/www.youtube.com\/channel\/UCIXacTvSnivIbWaL5DNQK2g","https:\/\/www.tiktok.com\/@warp_systems"]}]}},"_links":{"self":[{"href":"https:\/\/devwarp.triplehosting.nl\/fr\/wp-json\/wp\/v2\/pages\/17855","targetHints":{"allow":["GET"]}}],"collection":[{"href":"https:\/\/devwarp.triplehosting.nl\/fr\/wp-json\/wp\/v2\/pages"}],"about":[{"href":"https:\/\/devwarp.triplehosting.nl\/fr\/wp-json\/wp\/v2\/types\/page"}],"author":[{"embeddable":true,"href":"https:\/\/devwarp.triplehosting.nl\/fr\/wp-json\/wp\/v2\/users\/1"}],"replies":[{"embeddable":true,"href":"https:\/\/devwarp.triplehosting.nl\/fr\/wp-json\/wp\/v2\/comments?post=17855"}],"version-history":[{"count":8,"href":"https:\/\/devwarp.triplehosting.nl\/fr\/wp-json\/wp\/v2\/pages\/17855\/revisions"}],"predecessor-version":[{"id":18339,"href":"https:\/\/devwarp.triplehosting.nl\/fr\/wp-json\/wp\/v2\/pages\/17855\/revisions\/18339"}],"up":[{"embeddable":true,"href":"https:\/\/devwarp.triplehosting.nl\/fr\/wp-json\/wp\/v2\/pages\/17786"}],"wp:attachment":[{"href":"https:\/\/devwarp.triplehosting.nl\/fr\/wp-json\/wp\/v2\/media?parent=17855"}],"wp:term":[{"taxonomy":"folder","embeddable":true,"href":"https:\/\/devwarp.triplehosting.nl\/fr\/wp-json\/wp\/v2\/folder?post=17855"}],"curies":[{"name":"wp","href":"https:\/\/api.w.org\/{rel}","templated":true}]}}